{"id":3850,"date":"2023-06-30T09:55:26","date_gmt":"2023-06-30T09:55:26","guid":{"rendered":"https:\/\/www.saa.one\/?page_id=3850"},"modified":"2023-07-04T08:05:35","modified_gmt":"2023-07-04T08:05:35","slug":"space-for-cafe-indore","status":"publish","type":"page","link":"https:\/\/www.saa.one\/about\/space-for-cafe-indore\/","title":{"rendered":"Space for Cafe Indore"},"content":{"rendered":"<div class=\"wpb-content-wrapper\"><p>[vc_row dt_row_type=&#8221;in_container&#8221; bg_type=&#8221;image&#8221; parallax_style=&#8221;vcpb-default&#8221; bg_image_new=&#8221;id^3458|url^https:\/\/www.saa.one\/wp-content\/uploads\/2023\/03\/Connected-City-3.png|caption^null|alt^null|title^Connected-City-3|description^null&#8221; bg_override=&#8221;full&#8221; enable_overlay=&#8221;enable_overlay_value&#8221; overlay_color=&#8221;#ffffff&#8221; overlay_pattern=&#8221;transperant&#8221; overlay_pattern_opacity=&#8221;60&#8243; dt_class=&#8221;headerbanner-1&#8243;][vc_column]<div class=\"ult-spacer spacer-6a01f4d921ee8\" data-id=\"6a01f4d921ee8\" data-height=\"50\" data-height-mobile=\"50\" data-height-tab=\"50\" data-height-tab-portrait=\"\" data-height-mobile-landscape=\"\" style=\"clear:both;display:block;\"><\/div>[vc_row_inner content_placement=&#8221;middle&#8221; gap=&#8221;20&#8243;][vc_column_inner width=&#8221;1\/2&#8243;][vc_single_image image=&#8221;3817&#8243; img_size=&#8221;full&#8221;][vc_custom_heading text=&#8221;Caf\u00e9 Spaces in Indore: Create a Vibrant Destination for Food Lovers.&#8221; font_container=&#8221;tag:h1|font_size:35px|text_align:left|color:%23121212|line_height:40px&#8221; use_theme_fonts=&#8221;yes&#8221; el_class=&#8221;relititle&#8221;][vc_custom_heading text=&#8221;Unleash the potential of your culinary business and captivate food lovers with our vibrant caf\u00e9 spaces in Indore.&#8221; font_container=&#8221;tag:h2|font_size:25px|text_align:left|color:%23121212|line_height:30px&#8221; use_theme_fonts=&#8221;yes&#8221; el_class=&#8221;relititle&#8221;][\/vc_column_inner][vc_column_inner width=&#8221;1\/2&#8243;][vc_raw_html el_class=&#8221;hbsptform&#8221;]JTNDaDElMjBzdHlsZSUzRCUyMm1hcmdpbiUzQSUyMDBweCUyMDBweCUyMDIwcHglMjAwcHglM0Jjb2xvciUzQSUyMzAwMCUzQiUyMiUzRUVucXVpcmUlMjBOb3clM0MlMkZoMSUzRSUwQSUzQ3NjcmlwdCUyMGNoYXJzZXQlM0QlMjJ1dGYtOCUyMiUyMHR5cGUlM0QlMjJ0ZXh0JTJGamF2YXNjcmlwdCUyMiUyMHNyYyUzRCUyMiUyRiUyRmpzLmhzZm9ybXMubmV0JTJGZm9ybXMlMkZlbWJlZCUyRnYyLmpzJTIyJTNFJTNDJTJGc2NyaXB0JTNFJTBBJTNDc2NyaXB0JTNFJTBBJTIwJTIwaGJzcHQuZm9ybXMuY3JlYXRlJTI4JTdCJTBBJTIwJTIwJTIwJTIwcmVnaW9uJTNBJTIwJTIybmExJTIyJTJDJTBBJTIwJTIwJTIwJTIwcG9ydGFsSWQlM0ElMjAlMjIyMDE0MDc4NyUyMiUyQyUwQSUyMCUyMCUyMCUyMGZvcm1JZCUzQSUyMCUyMjE1YzYxZWY5LTA0ZjQtNDI5YS05NTc3LTVmZWNkZWRiMTY0NSUyMiUwQSUyMCUyMCU3RCUyOSUzQiUwQSUzQyUyRnNjcmlwdCUzRQ==[\/vc_raw_html][\/vc_column_inner][\/vc_row_inner]<div class=\"ult-spacer spacer-6a01f4d921f1f\" data-id=\"6a01f4d921f1f\" data-height=\"50\" data-height-mobile=\"50\" data-height-tab=\"50\" data-height-tab-portrait=\"\" data-height-mobile-landscape=\"\" style=\"clear:both;display:block;\"><\/div>[\/vc_column][\/vc_row][vc_row content_placement=&#8221;middle&#8221; dt_row_type=&#8221;in_container&#8221; dt_padding_top=&#8221;60&#8243; dt_id=&#8221;apollo_premier&#8221; dt_padding_bottom=&#8221;60&#8243;][vc_column][vc_row_inner content_placement=&#8221;middle&#8221; gap=&#8221;20&#8243;][vc_column_inner width=&#8221;1\/2&#8243;][vc_custom_heading text=&#8221;Elevate Your Caf\u00e9 Experience with Inspiring Spaces in Indore.&#8221; font_container=&#8221;tag:h2|font_size:30px|text_align:left|color:%23121212|line_height:35px&#8221; google_fonts=&#8221;font_family:Nunito%3A300%2Cregular%2C700|font_style:700%20bold%20regular%3A700%3Anormal&#8221; el_class=&#8221;relititle&#8221;][vc_column_text]<span style=\"font-weight: 400;\">Are you looking to start a new caf\u00e9 or expand your caf\u00e9 chain? Discover unique and bustling caf\u00e9 spaces in Indore that will captivate food lovers and elevate their dining experience. With the perfect blend of ambience, foot traffic, and modern amenities, set up your caf\u00e9 for success in this food-loving city.<\/span>[\/vc_column_text][\/vc_column_inner][vc_column_inner width=&#8221;1\/2&#8243;][vc_single_image image=&#8221;3915&#8243; img_size=&#8221;full&#8221; alignment=&#8221;center&#8221; css=&#8221;.vc_custom_1688457823362{margin-bottom: 0px !important;padding-bottom: 0px !important;}&#8221; el_class=&#8221;imgexper&#8221;][\/vc_column_inner][\/vc_row_inner][\/vc_column][\/vc_row][vc_row content_placement=&#8221;middle&#8221; dt_row_type=&#8221;in_container&#8221; bg_type=&#8221;bg_color&#8221; bg_override=&#8221;ex-full&#8221; dt_padding_top=&#8221;60&#8243; dt_id=&#8221;apollo_premier&#8221; bg_color_value=&#8221;#eef3fc&#8221; dt_padding_bottom=&#8221;60&#8243;][vc_column][vc_custom_heading text=&#8221;Why Choose Our Caf\u00e9 Spaces?&#8221; font_container=&#8221;tag:h2|font_size:34px|text_align:center|color:%23121212|line_height:38px&#8221; use_theme_fonts=&#8221;yes&#8221; css_animation=&#8221;fadeInRight&#8221; el_class=&#8221;relititle&#8221;]<div class=\"ult-spacer spacer-6a01f4d921f40\" data-id=\"6a01f4d921f40\" data-height=\"30\" data-height-mobile=\"\" data-height-tab=\"30\" data-height-tab-portrait=\"20\" data-height-mobile-landscape=\"0\" style=\"clear:both;display:block;\"><\/div>[vc_row_inner equal_height=&#8221;yes&#8221; gap=&#8221;25&#8243;][vc_column_inner width=&#8221;1\/3&#8243; css=&#8221;.vc_custom_1688112893188{padding-right: 40px !important;padding-left: 40px !important;background-color: #ffffff !important;border-radius: 10px !important;}&#8221;]<div class=\"ult-just-icon-wrapper  \"><div class=\"align-icon\" style=\"text-align:center;\">\n<div class=\"aio-icon-img \" style=\"font-size:80px;display:inline-block;\" >\n\t<img decoding=\"async\" class=\"img-icon\" alt=\"null\" src=\"https:\/\/www.saa.one\/about\/wp-content\/uploads\/2023\/06\/strategic-location.png\"\/>\n<\/div><\/div><\/div>[vc_column_text]<\/p>\n<p style=\"text-align: center; margin-bottom: 5px;\"><strong style=\"color: #2a4694;\">Strategic Locations<\/strong><\/p>\n<p style=\"text-align: center;\"><span style=\"font-weight: 400;\">Our caf\u00e9 spaces are strategically located in the heart of Indore, drawing in a steady stream of locals and tourists alike. Be where the action is and make your caf\u00e9 a popular destination.<\/span><\/p>\n<p>[\/vc_column_text][\/vc_column_inner][vc_column_inner width=&#8221;1\/3&#8243; css=&#8221;.vc_custom_1688112900131{padding-right: 40px !important;padding-left: 40px !important;background-color: #ffffff !important;border-radius: 10px !important;}&#8221;]<div class=\"ult-just-icon-wrapper  \"><div class=\"align-icon\" style=\"text-align:center;\">\n<div class=\"aio-icon-img \" style=\"font-size:80px;display:inline-block;\" >\n\t<img decoding=\"async\" class=\"img-icon\" alt=\"null\" src=\"https:\/\/www.saa.one\/about\/wp-content\/uploads\/2023\/06\/Charming-Ambiance.png\"\/>\n<\/div><\/div><\/div>[vc_column_text]<\/p>\n<p style=\"text-align: center; margin-bottom: 5px;\"><strong style=\"color: #2a4694;\">Charming Ambiance<\/strong><\/p>\n<p style=\"text-align: center;\"><span style=\"font-weight: 400;\">Indore is known for its rich culture and warm hospitality. Our caf\u00e9 spaces offer a charming ambience that will entice customers to relax, unwind, and savour their favourite delicacies.<\/span><\/p>\n<p>[\/vc_column_text][\/vc_column_inner][vc_column_inner width=&#8221;1\/3&#8243; css=&#8221;.vc_custom_1688112907779{padding-right: 40px !important;padding-left: 40px !important;background-color: #ffffff !important;border-radius: 10px !important;}&#8221;]<div class=\"ult-just-icon-wrapper  \"><div class=\"align-icon\" style=\"text-align:center;\">\n<div class=\"aio-icon-img \" style=\"font-size:80px;display:inline-block;\" >\n\t<img decoding=\"async\" class=\"img-icon\" alt=\"null\" src=\"https:\/\/www.saa.one\/about\/wp-content\/uploads\/2023\/06\/supportive-environment.png\"\/>\n<\/div><\/div><\/div>[vc_column_text]<\/p>\n<p style=\"text-align: center; margin-bottom: 5px;\"><strong style=\"color: #2a4694;\">Supportive Environment<\/strong><\/p>\n<p style=\"text-align: center;\"><span style=\"font-weight: 400;\">We understand the effort it takes to run a successful caf\u00e9. Our spaces foster a supportive environment, encouraging collaboration with neighbouring cafes and creating a thriving caf\u00e9 community.<\/span><\/p>\n<p>[\/vc_column_text][\/vc_column_inner][\/vc_row_inner][\/vc_column][\/vc_row][vc_row disable_element=&#8221;yes&#8221; dt_row_type=&#8221;in_container&#8221; dt_padding_top=&#8221;60&#8243; dt_padding_bottom=&#8221;60&#8243; dt_class=&#8221;section_3&#8243;][vc_column][vc_custom_heading text=&#8221;Explore our Caf\u00e9 Spaces in Indore&#8221; font_container=&#8221;tag:h2|font_size:34px|text_align:center|color:%23121212|line_height:38px&#8221; use_theme_fonts=&#8221;yes&#8221; css_animation=&#8221;fadeInRight&#8221; el_class=&#8221;relititle&#8221;]<div class=\"ult-spacer spacer-6a01f4d927788\" data-id=\"6a01f4d927788\" data-height=\"30\" data-height-mobile=\"\" data-height-tab=\"30\" data-height-tab-portrait=\"20\" data-height-mobile-landscape=\"0\" style=\"clear:both;display:block;\"><\/div>[vc_row_inner equal_height=&#8221;yes&#8221; gap=&#8221;25&#8243;][vc_column_inner width=&#8221;1\/4&#8243;][\/vc_column_inner][vc_column_inner width=&#8221;1\/2&#8243;][vc_single_image image=&#8221;3812&#8243; img_size=&#8221;full&#8221; alignment=&#8221;center&#8221; onclick=&#8221;custom_link&#8221; el_class=&#8221;imgexper&#8221; link=&#8221;https:\/\/www.saa.one\/properties\/royal-park\/&#8221;][vc_custom_heading text=&#8221;Royal Park&#8221; font_container=&#8221;tag:p|font_size:21|text_align:center|color:%23000000&#8243; use_theme_fonts=&#8221;yes&#8221; link=&#8221;url:https%3A%2F%2Fwww.saa.one%2Fproperties%2Froyal-park%2F&#8221;][\/vc_column_inner][vc_column_inner width=&#8221;1\/4&#8243;][\/vc_column_inner][\/vc_row_inner][\/vc_column][\/vc_row][vc_row dt_row_type=&#8221;in_container&#8221; dt_padding_top=&#8221;60&#8243; dt_padding_bottom=&#8221;60&#8243;][vc_column][vc_row_inner content_placement=&#8221;middle&#8221;][vc_column_inner width=&#8221;1\/2&#8243;][vc_cta h2=&#8221;Explore our premium caf\u00e9 spaces in Indore and secure your spot today to embark on a culinary journey like no other!&#8221; h2_font_container=&#8221;font_size:30px|color:%23000000|line_height:35px&#8221; h2_google_fonts=&#8221;font_family:Nunito%3A300%2Cregular%2C700|font_style:700%20bold%20regular%3A700%3Anormal&#8221; style=&#8221;custom&#8221; use_custom_fonts_h2=&#8221;true&#8221; custom_text=&#8221;#000000&#8243; el_class=&#8221;cta-1&#8243; custom_background=&#8221;#ffffff&#8221;]<\/p>\n<p style=\"font-size: 22px; line-height: 28px;\">Fill out the form the schedule a Visit.<\/p>\n<p>[\/vc_cta][\/vc_column_inner][vc_column_inner width=&#8221;1\/2&#8243;][vc_raw_html css=&#8221;.vc_custom_1688124947489{margin-bottom: 0px !important;}&#8221; el_class=&#8221;hbsptform&#8221;]JTNDaDElMjBzdHlsZSUzRCUyMm1hcmdpbiUzQSUyMDBweCUyMDBweCUyMDIwcHglMjAwcHglM0Jjb2xvciUzQSUyMzAwMCUzQiUyMiUzRUVucXVpcmUlMjBOb3clM0MlMkZoMSUzRSUwQSUzQ3NjcmlwdCUyMGNoYXJzZXQlM0QlMjJ1dGYtOCUyMiUyMHR5cGUlM0QlMjJ0ZXh0JTJGamF2YXNjcmlwdCUyMiUyMHNyYyUzRCUyMiUyRiUyRmpzLmhzZm9ybXMubmV0JTJGZm9ybXMlMkZlbWJlZCUyRnYyLmpzJTIyJTNFJTNDJTJGc2NyaXB0JTNFJTBBJTNDc2NyaXB0JTNFJTBBJTIwJTIwaGJzcHQuZm9ybXMuY3JlYXRlJTI4JTdCJTBBJTIwJTIwJTIwJTIwcmVnaW9uJTNBJTIwJTIybmExJTIyJTJDJTBBJTIwJTIwJTIwJTIwcG9ydGFsSWQlM0ElMjAlMjIyMDE0MDc4NyUyMiUyQyUwQSUyMCUyMCUyMCUyMGZvcm1JZCUzQSUyMCUyMjE1YzYxZWY5LTA0ZjQtNDI5YS05NTc3LTVmZWNkZWRiMTY0NSUyMiUwQSUyMCUyMCU3RCUyOSUzQiUwQSUzQyUyRnNjcmlwdCUzRQ==[\/vc_raw_html][\/vc_column_inner][\/vc_row_inner][\/vc_column][\/vc_row][vc_row dt_row_type=&#8221;in_container&#8221; bg_type=&#8221;bg_color&#8221; bg_override=&#8221;ex-full&#8221; bg_color_value=&#8221;#2b2e46&#8243; dt_padding_top=&#8221;40&#8243; dt_padding_bottom=&#8221;40&#8243; dt_class=&#8221;footer-section&#8221;][vc_column][vc_row_inner][vc_column_inner width=&#8221;1\/3&#8243;][vc_column_text]<\/p>\n<div class=\"logo-footer\"><img decoding=\"async\" class=\"alignnone size-medium wp-image-1000 footlogo\" src=\"https:\/\/www.saa.one\/wp-content\/uploads\/2023\/05\/SAA-white-logo-1.png\" alt=\"\" width=\"300\" \/><\/div>\n<p style=\"text-align: center;\"><ul id=\"social\">\n\t\t\t\t\t\t<li><a href=\"https:\/\/www.facebook.com\/SunilAgrawalandAssociates\" title=\"facebook\" class=\"facebook\"  target=\"_blank\"><i class=\"fa fa-facebook\"><\/i><\/a><\/li><li><a href=\"https:\/\/twitter.com\/SAAIndore\" title=\"twitter\" class=\"twitter\"  target=\"_blank\"><i class=\"fa fa-twitter\"><\/i><\/a><\/li><li><a href=\"https:\/\/www.linkedin.com\/company\/sunil-agrawal-associates\/\" title=\"linkedin\" class=\"linkedin\"  target=\"_blank\"><i class=\"fa fa-linkedin\"><\/i><\/a><\/li><li><a href=\"https:\/\/www.youtube.com\/channel\/UCCPBOHP14eZMCubExGmxxZg\" title=\"youtube\" class=\"youtube\"  target=\"_blank\"><i class=\"fa fa-youtube\"><\/i><\/a><\/li><li><a href=\"https:\/\/www.instagram.com\/sunilagrawalandassociates\/\" title=\"instagram\" class=\"instagram\"  target=\"_blank\"><i class=\"fa fa-instagram\"><\/i><\/a><\/li>\t\t\t\t\t\n\t\t\t\t\t<\/ul>\n\n<\/p>\n<p>[\/vc_column_text][\/vc_column_inner][vc_column_inner el_class=&#8221;address&#8221; width=&#8221;1\/3&#8243;][vc_custom_heading text=&#8221;Address&#8221; font_container=&#8221;tag:h3|text_align:center&#8221; use_theme_fonts=&#8221;yes&#8221;][vc_separator color=&#8221;custom&#8221; border_width=&#8221;2&#8243; el_width=&#8221;20&#8243; accent_color=&#8221;#ff953a&#8221;][vc_column_text]<\/p>\n<p style=\"text-align: center;\"><i class=\"fa fa-map-marker\" aria-hidden=\"true\"><\/i>Sunil Agrawal &amp; Associates<br \/>\n414, Princes Business Sky Park Opposite C-21 Mall, A.B. Road, Indore (M.P.)<\/p>\n<p>[\/vc_column_text][\/vc_column_inner][vc_column_inner el_class=&#8221;address&#8221; width=&#8221;1\/3&#8243;][vc_custom_heading text=&#8221;Lets connect&#8221; font_container=&#8221;tag:h3|text_align:center&#8221; use_theme_fonts=&#8221;yes&#8221;][vc_separator color=&#8221;custom&#8221; border_width=&#8221;2&#8243; el_width=&#8221;20&#8243; accent_color=&#8221;#ff953a&#8221;][vc_column_text]<\/p>\n<p style=\"text-align: center;\"><i class=\"fa fa-phone\" aria-hidden=\"true\"><\/i><i class=\"fa fa-whatsapp\" aria-hidden=\"true\"><\/i>\u00a0\u00a0\u00a0<a href=\"tel:+918889350111 \">+91-8889350111 <\/a><\/p>\n<p style=\"text-align: center;\"><i class=\"fa fa-envelope\" aria-hidden=\"true\"><\/i><a href=\"mailto:sales@saa.one\">sales@saa.one<\/a><\/p>\n<p>[\/vc_column_text][\/vc_column_inner][\/vc_row_inner][\/vc_column][\/vc_row]<\/p>\n<\/div>","protected":false},"excerpt":{"rendered":"<p>[vc_row dt_row_type=&#8221;in_container&#8221; bg_type=&#8221;image&#8221; parallax_style=&#8221;vcpb-default&#8221; bg_image_new=&#8221;id^3458|url^https:\/\/www.saa.one\/wp-content\/uploads\/2023\/03\/Connected-City-3.png|caption^null|alt^null|title^Connected-City-3|description^null&#8221; bg_override=&#8221;full&#8221; enable_overlay=&#8221;enable_overlay_value&#8221; overlay_color=&#8221;#ffffff&#8221; overlay_pattern=&#8221;transperant&#8221; overlay_pattern_opacity=&#8221;60&#8243; dt_class=&#8221;headerbanner-1&#8243;][vc_column][vc_row_inner content_placement=&#8221;middle&#8221; gap=&#8221;20&#8243;][vc_column_inner width=&#8221;1\/2&#8243;][vc_single_image image=&#8221;3817&#8243; img_size=&#8221;full&#8221;][vc_custom_heading text=&#8221;Caf\u00e9 Spaces in Indore: Create a Vibrant Destination for&#8230;<\/p>\n<p class=\"readmore\"><a class=\"more-btn\" href=\"https:\/\/www.saa.one\/about\/space-for-cafe-indore\/\">Read More<\/a><\/p>\n","protected":false},"author":1,"featured_media":0,"parent":0,"menu_order":0,"comment_status":"closed","ping_status":"closed","template":"template-homepage.php","meta":{"content-type":"","footnotes":""},"page_type":[],"class_list":["post-3850","page","type-page","status-publish","hentry"],"yoast_head":"<!-- This site is optimized with the Yoast SEO plugin v27.4 - https:\/\/yoast.com\/product\/yoast-seo-wordpress\/ -->\n<title>Space for Cafe Indore - Sunil Agrawal and Associates<\/title>\n<meta name=\"robots\" content=\"index, follow, max-snippet:-1, max-image-preview:large, max-video-preview:-1\" \/>\n<link rel=\"canonical\" href=\"https:\/\/www.saa.one\/about\/space-for-cafe-indore\/\" \/>\n<meta property=\"og:locale\" content=\"en_US\" \/>\n<meta property=\"og:type\" content=\"article\" \/>\n<meta property=\"og:title\" content=\"Space for Cafe Indore - Sunil Agrawal and Associates\" \/>\n<meta property=\"og:description\" content=\"[vc_row dt_row_type=&#8221;in_container&#8221; bg_type=&#8221;image&#8221; parallax_style=&#8221;vcpb-default&#8221; bg_image_new=&#8221;id^3458|url^https:\/\/www.saa.one\/wp-content\/uploads\/2023\/03\/Connected-City-3.png|caption^null|alt^null|title^Connected-City-3|description^null&#8221; bg_override=&#8221;full&#8221; enable_overlay=&#8221;enable_overlay_value&#8221; overlay_color=&#8221;#ffffff&#8221; overlay_pattern=&#8221;transperant&#8221; overlay_pattern_opacity=&#8221;60&#8243; dt_class=&#8221;headerbanner-1&#8243;][vc_column][vc_row_inner content_placement=&#8221;middle&#8221; gap=&#8221;20&#8243;][vc_column_inner width=&#8221;1\/2&#8243;][vc_single_image image=&#8221;3817&#8243; img_size=&#8221;full&#8221;][vc_custom_heading text=&#8221;Caf\u00e9 Spaces in Indore: Create a Vibrant Destination for...Read More\" \/>\n<meta property=\"og:url\" content=\"https:\/\/www.saa.one\/about\/space-for-cafe-indore\/\" \/>\n<meta property=\"og:site_name\" content=\"Sunil Agrawal and Associates\" \/>\n<meta property=\"article:modified_time\" content=\"2023-07-04T08:05:35+00:00\" \/>\n<meta property=\"og:image\" content=\"https:\/\/www.saa.one\/wp-content\/uploads\/2023\/05\/SAA-white-logo-1.png\" \/>\n<meta name=\"twitter:card\" content=\"summary_large_image\" \/>\n<meta name=\"twitter:label1\" content=\"Est. reading time\" \/>\n\t<meta name=\"twitter:data1\" content=\"6 minutes\" \/>\n<script type=\"application\/ld+json\" class=\"yoast-schema-graph\">{\"@context\":\"https:\\\/\\\/schema.org\",\"@graph\":[{\"@type\":\"WebPage\",\"@id\":\"https:\\\/\\\/www.saa.one\\\/about\\\/space-for-cafe-indore\\\/\",\"url\":\"https:\\\/\\\/www.saa.one\\\/about\\\/space-for-cafe-indore\\\/\",\"name\":\"Space for Cafe Indore - Sunil Agrawal and Associates\",\"isPartOf\":{\"@id\":\"https:\\\/\\\/www.saa.one\\\/about\\\/#website\"},\"primaryImageOfPage\":{\"@id\":\"https:\\\/\\\/www.saa.one\\\/about\\\/space-for-cafe-indore\\\/#primaryimage\"},\"image\":{\"@id\":\"https:\\\/\\\/www.saa.one\\\/about\\\/space-for-cafe-indore\\\/#primaryimage\"},\"thumbnailUrl\":\"https:\\\/\\\/www.saa.one\\\/wp-content\\\/uploads\\\/2023\\\/05\\\/SAA-white-logo-1.png\",\"datePublished\":\"2023-06-30T09:55:26+00:00\",\"dateModified\":\"2023-07-04T08:05:35+00:00\",\"breadcrumb\":{\"@id\":\"https:\\\/\\\/www.saa.one\\\/about\\\/space-for-cafe-indore\\\/#breadcrumb\"},\"inLanguage\":\"en-US\",\"potentialAction\":[{\"@type\":\"ReadAction\",\"target\":[\"https:\\\/\\\/www.saa.one\\\/about\\\/space-for-cafe-indore\\\/\"]}]},{\"@type\":\"ImageObject\",\"inLanguage\":\"en-US\",\"@id\":\"https:\\\/\\\/www.saa.one\\\/about\\\/space-for-cafe-indore\\\/#primaryimage\",\"url\":\"https:\\\/\\\/www.saa.one\\\/wp-content\\\/uploads\\\/2023\\\/05\\\/SAA-white-logo-1.png\",\"contentUrl\":\"https:\\\/\\\/www.saa.one\\\/wp-content\\\/uploads\\\/2023\\\/05\\\/SAA-white-logo-1.png\"},{\"@type\":\"BreadcrumbList\",\"@id\":\"https:\\\/\\\/www.saa.one\\\/about\\\/space-for-cafe-indore\\\/#breadcrumb\",\"itemListElement\":[{\"@type\":\"ListItem\",\"position\":1,\"name\":\"Home\",\"item\":\"https:\\\/\\\/www.saa.one\\\/about\\\/\"},{\"@type\":\"ListItem\",\"position\":2,\"name\":\"Space for Cafe Indore\"}]},{\"@type\":\"WebSite\",\"@id\":\"https:\\\/\\\/www.saa.one\\\/about\\\/#website\",\"url\":\"https:\\\/\\\/www.saa.one\\\/about\\\/\",\"name\":\"Sunil Agrawal and Associates\",\"description\":\"\",\"potentialAction\":[{\"@type\":\"SearchAction\",\"target\":{\"@type\":\"EntryPoint\",\"urlTemplate\":\"https:\\\/\\\/www.saa.one\\\/about\\\/?s={search_term_string}\"},\"query-input\":{\"@type\":\"PropertyValueSpecification\",\"valueRequired\":true,\"valueName\":\"search_term_string\"}}],\"inLanguage\":\"en-US\"}]}<\/script>\n<!-- \/ Yoast SEO plugin. -->","yoast_head_json":{"title":"Space for Cafe Indore - Sunil Agrawal and Associates","robots":{"index":"index","follow":"follow","max-snippet":"max-snippet:-1","max-image-preview":"max-image-preview:large","max-video-preview":"max-video-preview:-1"},"canonical":"https:\/\/www.saa.one\/about\/space-for-cafe-indore\/","og_locale":"en_US","og_type":"article","og_title":"Space for Cafe Indore - Sunil Agrawal and Associates","og_description":"[vc_row dt_row_type=&#8221;in_container&#8221; bg_type=&#8221;image&#8221; parallax_style=&#8221;vcpb-default&#8221; bg_image_new=&#8221;id^3458|url^https:\/\/www.saa.one\/wp-content\/uploads\/2023\/03\/Connected-City-3.png|caption^null|alt^null|title^Connected-City-3|description^null&#8221; bg_override=&#8221;full&#8221; enable_overlay=&#8221;enable_overlay_value&#8221; overlay_color=&#8221;#ffffff&#8221; overlay_pattern=&#8221;transperant&#8221; overlay_pattern_opacity=&#8221;60&#8243; dt_class=&#8221;headerbanner-1&#8243;][vc_column][vc_row_inner content_placement=&#8221;middle&#8221; gap=&#8221;20&#8243;][vc_column_inner width=&#8221;1\/2&#8243;][vc_single_image image=&#8221;3817&#8243; img_size=&#8221;full&#8221;][vc_custom_heading text=&#8221;Caf\u00e9 Spaces in Indore: Create a Vibrant Destination for...Read More","og_url":"https:\/\/www.saa.one\/about\/space-for-cafe-indore\/","og_site_name":"Sunil Agrawal and Associates","article_modified_time":"2023-07-04T08:05:35+00:00","og_image":[{"url":"https:\/\/www.saa.one\/wp-content\/uploads\/2023\/05\/SAA-white-logo-1.png","type":"","width":"","height":""}],"twitter_card":"summary_large_image","twitter_misc":{"Est. reading time":"6 minutes"},"schema":{"@context":"https:\/\/schema.org","@graph":[{"@type":"WebPage","@id":"https:\/\/www.saa.one\/about\/space-for-cafe-indore\/","url":"https:\/\/www.saa.one\/about\/space-for-cafe-indore\/","name":"Space for Cafe Indore - Sunil Agrawal and Associates","isPartOf":{"@id":"https:\/\/www.saa.one\/about\/#website"},"primaryImageOfPage":{"@id":"https:\/\/www.saa.one\/about\/space-for-cafe-indore\/#primaryimage"},"image":{"@id":"https:\/\/www.saa.one\/about\/space-for-cafe-indore\/#primaryimage"},"thumbnailUrl":"https:\/\/www.saa.one\/wp-content\/uploads\/2023\/05\/SAA-white-logo-1.png","datePublished":"2023-06-30T09:55:26+00:00","dateModified":"2023-07-04T08:05:35+00:00","breadcrumb":{"@id":"https:\/\/www.saa.one\/about\/space-for-cafe-indore\/#breadcrumb"},"inLanguage":"en-US","potentialAction":[{"@type":"ReadAction","target":["https:\/\/www.saa.one\/about\/space-for-cafe-indore\/"]}]},{"@type":"ImageObject","inLanguage":"en-US","@id":"https:\/\/www.saa.one\/about\/space-for-cafe-indore\/#primaryimage","url":"https:\/\/www.saa.one\/wp-content\/uploads\/2023\/05\/SAA-white-logo-1.png","contentUrl":"https:\/\/www.saa.one\/wp-content\/uploads\/2023\/05\/SAA-white-logo-1.png"},{"@type":"BreadcrumbList","@id":"https:\/\/www.saa.one\/about\/space-for-cafe-indore\/#breadcrumb","itemListElement":[{"@type":"ListItem","position":1,"name":"Home","item":"https:\/\/www.saa.one\/about\/"},{"@type":"ListItem","position":2,"name":"Space for Cafe Indore"}]},{"@type":"WebSite","@id":"https:\/\/www.saa.one\/about\/#website","url":"https:\/\/www.saa.one\/about\/","name":"Sunil Agrawal and Associates","description":"","potentialAction":[{"@type":"SearchAction","target":{"@type":"EntryPoint","urlTemplate":"https:\/\/www.saa.one\/about\/?s={search_term_string}"},"query-input":{"@type":"PropertyValueSpecification","valueRequired":true,"valueName":"search_term_string"}}],"inLanguage":"en-US"}]}},"_links":{"self":[{"href":"https:\/\/www.saa.one\/about\/wp-json\/wp\/v2\/pages\/3850","targetHints":{"allow":["GET"]}}],"collection":[{"href":"https:\/\/www.saa.one\/about\/wp-json\/wp\/v2\/pages"}],"about":[{"href":"https:\/\/www.saa.one\/about\/wp-json\/wp\/v2\/types\/page"}],"author":[{"embeddable":true,"href":"https:\/\/www.saa.one\/about\/wp-json\/wp\/v2\/users\/1"}],"replies":[{"embeddable":true,"href":"https:\/\/www.saa.one\/about\/wp-json\/wp\/v2\/comments?post=3850"}],"version-history":[{"count":29,"href":"https:\/\/www.saa.one\/about\/wp-json\/wp\/v2\/pages\/3850\/revisions"}],"predecessor-version":[{"id":3935,"href":"https:\/\/www.saa.one\/about\/wp-json\/wp\/v2\/pages\/3850\/revisions\/3935"}],"wp:attachment":[{"href":"https:\/\/www.saa.one\/about\/wp-json\/wp\/v2\/media?parent=3850"}],"wp:term":[{"taxonomy":"page_type","embeddable":true,"href":"https:\/\/www.saa.one\/about\/wp-json\/wp\/v2\/page_type?post=3850"}],"curies":[{"name":"wp","href":"https:\/\/api.w.org\/{rel}","templated":true}]}}